{"id":941,"date":"2026-03-20T14:11:15","date_gmt":"2026-03-20T14:11:15","guid":{"rendered":"https:\/\/transfer360.app\/?page_id=941"},"modified":"2026-03-20T14:46:43","modified_gmt":"2026-03-20T14:46:43","slug":"privacy-policy","status":"publish","type":"page","link":"https:\/\/transfer360.app\/es\/privacy-policy\/","title":{"rendered":"Pol\u00edtica de privacidad"},"content":{"rendered":"<style>.elementor-941 .elementor-element.elementor-element-ef40295{--display:flex;--flex-direction:column;--container-widget-width:calc( ( 1 - var( --container-widget-flex-grow ) ) * 100% );--container-widget-height:initial;--container-widget-flex-grow:0;--container-widget-align-self:initial;--flex-wrap-mobile:wrap;--justify-content:center;--align-items:center;--margin-top:0px;--margin-bottom:0px;--margin-left:0px;--margin-right:0px;--padding-top:240px;--padding-bottom:20px;--padding-left:0px;--padding-right:0px;}.elementor-941 .elementor-element.elementor-element-1ac0398a{--display:flex;--justify-content:center;--align-items:center;--container-widget-width:calc( ( 1 - var( --container-widget-flex-grow ) ) * 100% );--margin-top:0px;--margin-bottom:0px;--margin-left:0px;--margin-right:0px;--padding-top:0px;--padding-bottom:0px;--padding-left:0px;--padding-right:0px;}.elementor-941 .elementor-element.elementor-element-77eae7fd{text-align:center;}.elementor-941 .elementor-element.elementor-element-77eae7fd .elementor-heading-title{font-family:\"Inter Tight\", Sans-serif;font-size:60px;font-weight:700;text-transform:none;text-decoration:none;line-height:1.1em;}.elementor-941 .elementor-element.elementor-element-77eae7fd > .elementor-widget-container{margin:-10px 0px 15px 0px;padding:0px 0px 0px 0px;}.elementor-941 .elementor-element.elementor-element-1cbab4b{--display:flex;--flex-direction:column;--container-widget-width:100%;--container-widget-height:initial;--container-widget-flex-grow:0;--container-widget-align-self:initial;--flex-wrap-mobile:wrap;}.elementor-941 .elementor-element.elementor-element-98db665{font-size:18px;}:root{--page-title-display:none;}@media(min-width:768px){.elementor-941 .elementor-element.elementor-element-ef40295{--content-width:1417px;}.elementor-941 .elementor-element.elementor-element-1ac0398a{--width:1000px;}.elementor-941 .elementor-element.elementor-element-1cbab4b{--content-width:1470px;}}@media(max-width:1024px) and (min-width:768px){.elementor-941 .elementor-element.elementor-element-1ac0398a{--width:100%;}}@media(max-width:1366px){.elementor-941 .elementor-element.elementor-element-ef40295{--padding-top:217px;--padding-bottom:100px;--padding-left:15px;--padding-right:15px;}.elementor-941 .elementor-element.elementor-element-77eae7fd .elementor-heading-title{font-size:76px;line-height:1.1em;}}@media(max-width:1024px){.elementor-941 .elementor-element.elementor-element-ef40295{--padding-top:210px;--padding-bottom:80px;--padding-left:15px;--padding-right:15px;}.elementor-941 .elementor-element.elementor-element-77eae7fd .elementor-heading-title{font-size:66px;line-height:1.1em;}}@media(max-width:767px){.elementor-941 .elementor-element.elementor-element-ef40295{--padding-top:170px;--padding-bottom:60px;--padding-left:15px;--padding-right:15px;}.elementor-941 .elementor-element.elementor-element-77eae7fd .elementor-heading-title{font-size:40px;line-height:1.1em;}.elementor-941 .elementor-element.elementor-element-77eae7fd > .elementor-widget-container{margin:0px 0px 0px 0px;}}<\/style>\t\t<div data-elementor-type=\"wp-page\" data-elementor-id=\"941\" class=\"elementor elementor-941\" data-elementor-post-type=\"page\">\n\t\t\t\t<div class=\"elementor-element elementor-element-ef40295 e-flex e-con-boxed e-con e-parent\" data-id=\"ef40295\" data-element_type=\"container\" data-e-type=\"container\">\n\t\t\t\t\t<div class=\"e-con-inner\">\n\t\t<div class=\"elementor-element elementor-element-1ac0398a e-con-full e-flex e-con e-child\" data-id=\"1ac0398a\" data-element_type=\"container\" data-e-type=\"container\">\n\t\t\t\t<div class=\"elementor-element elementor-element-77eae7fd elementor-invisible elementor-widget elementor-widget-heading\" data-id=\"77eae7fd\" data-element_type=\"widget\" data-e-type=\"widget\" data-settings=\"{&quot;_animation&quot;:&quot;fadeIn&quot;}\" data-widget_type=\"heading.default\">\n\t\t\t\t<div class=\"elementor-widget-container\">\n\t\t\t\t\t<h1 class=\"elementor-heading-title elementor-size-default\">Pol\u00edtica de privacidad<\/h1>\t\t\t\t<\/div>\n\t\t\t\t<\/div>\n\t\t\t\t<\/div>\n\t\t\t\t\t<\/div>\n\t\t\t\t<\/div>\n\t\t<div class=\"elementor-element elementor-element-1cbab4b e-flex e-con-boxed e-con e-parent\" data-id=\"1cbab4b\" data-element_type=\"container\" data-e-type=\"container\">\n\t\t\t\t\t<div class=\"e-con-inner\">\n\t\t\t\t<div class=\"elementor-element elementor-element-98db665 elementor-widget elementor-widget-text-editor\" data-id=\"98db665\" data-element_type=\"widget\" data-e-type=\"widget\" data-widget_type=\"text-editor.default\">\n\t\t\t\t<div class=\"elementor-widget-container\">\n\t\t\t\t\t\t\t\t\t<p><strong>1. Informaci\u00f3n general<\/strong><\/p><ul class=\"wp-block-list\"><li>La ley aplicable para la protecci\u00f3n de datos personales es el Reglamento General (UE) 2016\/679 (en adelante GDPR) del Parlamento Europeo y del Consejo (adoptado el 27 de abril de 2016 y aplicado desde el 25 de mayo de 2018) y la Ley 4624\/2019 \"sobre la protecci\u00f3n de las personas f\u00edsicas en lo que respecta al tratamiento de datos personales\", en su versi\u00f3n vigente, as\u00ed como las instrucciones de la Autoridad de Protecci\u00f3n de Datos Personales.<\/li><li>El RGPD define los datos personales como cualquier informaci\u00f3n mediante la cual una persona f\u00edsica puede ser identificada directa o indirectamente (\"interesado\"). Estos datos incluyen, entre otros, el nombre, los apellidos, la direcci\u00f3n postal, la direcci\u00f3n de correo electr\u00f3nico, el n\u00famero de identificaci\u00f3n fiscal, los identificadores de equipos o dispositivos terminales, el historial de b\u00fasquedas en Internet, etc. La informaci\u00f3n relativa a personas jur\u00eddicas y grupos de personas o la informaci\u00f3n estad\u00edstica, de la que no es posible hacer referencia a una persona f\u00edsica identificada o identificable, no entra en esta categor\u00eda y queda excluida del \u00e1mbito de aplicaci\u00f3n de la legislaci\u00f3n pertinente.<\/li><li>La siguiente informaci\u00f3n sobre la protecci\u00f3n de los datos personales del usuario\/cliente se refiere a la forma en que nuestra empresa procesa su informaci\u00f3n personal cuando se pone en contacto con nosotros o utiliza cualquiera de los servicios de nuestro sitio web y tienda electr\u00f3nica. Esta pol\u00edtica es plenamente compatible con el Reglamento General sobre la protecci\u00f3n de las personas f\u00edsicas en lo que respecta al tratamiento de datos personales (UE\/2016\/679) y la legislaci\u00f3n griega (Ley 4624\/2019).<\/li><li>Se aclara que nuestra empresa puede modificar esta pol\u00edtica en cualquier momento y sin previo aviso. Con este fin, se considera necesario estudiar esta pol\u00edtica antes de navegar por el usuario \/ cliente y cualquier registro de sus datos personales.<\/li><li>Al navegar y utilizar los servicios del sitio web y la tienda en l\u00ednea, el usuario \/ cliente acepta el contenido de esta pol\u00edtica.<\/li><\/ul><div>\u00a0<\/div><p><strong>2. Controlador<\/strong><\/p><p>La empresa con el nombre \u00abAvgeros G. Christos\u00bb situada en el municipio de El Pireo en la calle Napoleon Labelet 68 (18541), legalmente representada en su forma jur\u00eddica actual o actual, como responsable del tratamiento, concede especial importancia a la protecci\u00f3n de los datos personales de los usuarios\/clientes. Para cualquier consulta, consulta o petici\u00f3n, el usuario\/cliente puede ponerse en contacto con nuestra empresa por los siguientes medios: Tel: 210 220 9684, e-mail: hi@dot360.io.<\/p><p>\u00a0<\/p><p><strong>3. Finalidad de la recogida de datos<\/strong><\/p><ul class=\"wp-block-list\"><li>Al visitar nuestro sitio web, el usuario \/ cliente no est\u00e1 obligado a proporcionarnos informaci\u00f3n personal, a menos que desee:<br \/>\u2022 Comun\u00edquese con nosotros<br \/>\u2022 Expreso inter\u00e9s en la compra de productos<br \/>\u2022 Comprometerse con transacciones y pagos<br \/>\u2022 Crea una cuenta en nuestra tienda online<br \/>\u2022 Suscribirse al servicio de newsletter<\/li><li>Tambi\u00e9n recopilamos datos para analizar la usabilidad, calidad y comercializaci\u00f3n de nuestros servicios con el fin de mejorar nuestros productos y beneficios individuales.<\/li><li>Recopilamos datos para fines relacionados con la detecci\u00f3n de fraudes en l\u00ednea y la seguridad de las comunicaciones electr\u00f3nicas.<\/li><li>Algunos de los datos recopilados son necesarios con el fin de fijar el precio de los productos vendidos de acuerdo con la legislaci\u00f3n fiscal aplicable.<\/li><li>Como empresa, procesamos solo los datos personales necesarios que son necesarios para el cumplimiento de los fines de nuestras transacciones. Nuestra empresa garantiza que los datos personales que procesa son altamente confidenciales y no pueden ser utilizados para ning\u00fan otro prop\u00f3sito que el para el que fueron proporcionados.<\/li><\/ul><div>\u00a0<\/div><p><strong>4. Qu\u00e9 tipo de datos recopilamos y sobre qu\u00e9 base jur\u00eddica<\/strong><\/p><ul class=\"wp-block-list\"><li>En la secci\u00f3n \"carrito de la compra\" recopilamos lo siguiente: (a) en el formulario de \"informaci\u00f3n personal\": nombre, apellidos, direcci\u00f3n de correo electr\u00f3nico, n\u00famero de tel\u00e9fono, (b) en el formulario de \"direcci\u00f3n de carga\": nombre, direcci\u00f3n, ciudad, c\u00f3digo postal, pa\u00eds, regi\u00f3n. Los datos anteriores son necesarios para la preparaci\u00f3n y el procesamiento del contrato de compraventa de conformidad con el art\u00edculo 6, apartado 1, letra b), del RGPD. Adem\u00e1s, la informaci\u00f3n anterior es necesaria para la emisi\u00f3n de un recibo minorista de conformidad con el art\u00edculo 6, apartado 1, letra c), del RGPD. Adem\u00e1s de la informaci\u00f3n anterior, se deben rellenar los campos TIN y Tax Office para emitir una factura.<\/li><li>En la secci\u00f3n \/ formulario de contacto recopilamos lo siguiente: nombre y \/ o apellido, n\u00famero de tel\u00e9fono y direcci\u00f3n de correo electr\u00f3nico. La informaci\u00f3n de contacto se recopila para poder responder a sus solicitudes, de conformidad con el art\u00edculo 6, apartado 1, letra c), del RGPD, o para proporcionarle informaci\u00f3n sobre nuestros productos o transacciones, de conformidad con el art\u00edculo 6, apartado 1, letra b), del RGPD.<\/li><li>En el formulario emergente del bolet\u00edn de noticias, as\u00ed como en el formulario de pie de p\u00e1gina correspondiente, recopilamos la direcci\u00f3n de correo electr\u00f3nico (correo electr\u00f3nico). La recopilaci\u00f3n del correo electr\u00f3nico del usuario \/ cliente solo se realiza si lo ingresa en el campo relevante, d\u00e1ndonos as\u00ed su consentimiento, de acuerdo con el Art\u00edculo 6 p\u00e1rrafo 1 (a) GDPR. Se aclara que en cualquier momento el usuario\/cliente puede darse de baja sin coste alguno y dejar de recibir dichos mensajes, informando a nuestra empresa por cualquier medio de comunicaci\u00f3n adecuado o haciendo clic en la opci\u00f3n \u00abdarse de baja\u00bb en el mensaje promocionado.<\/li><li>En el formulario \"Crear una cuenta\" recopilamos lo siguiente: nombre, apellido, direcci\u00f3n de correo electr\u00f3nico, n\u00famero de tel\u00e9fono. La base legal para el procesamiento es, en primer lugar, el consentimiento del usuario \/ cliente para registrarse y crear una cuenta, de conformidad con el art\u00edculo 6, apartado 1, letra a), del RGPD, as\u00ed como el inter\u00e9s leg\u00edtimo de nuestra empresa, de conformidad con el art\u00edculo 6, apartado 1, letra f), del RGPD, para la seguridad de la cuenta y la identificaci\u00f3n del usuario, donde y cuando sea necesario.<\/li><li>Tambi\u00e9n podemos recibir autom\u00e1ticamente cierta informaci\u00f3n contenida en los archivos de registro, como la direcci\u00f3n IP, los datos de ubicaci\u00f3n geogr\u00e1fica, la fecha y hora de visita al sitio web, etc., para los que consideramos que tenemos un inter\u00e9s leg\u00edtimo, de conformidad con el art\u00edculo 6, apartado 1, letra f), del RGPD, para proteger la seguridad de las redes, la informaci\u00f3n y los servicios frente a eventos accidentales o acciones ilegales o maliciosas (por ejemplo, fraude en l\u00ednea) relacionadas con la disponibilidad, autenticidad, integridad y confidencialidad de los datos y, al mismo tiempo, para proporcionar por nuestra parte, de conformidad con el art\u00edculo 6, apartado 1, letra c), del RGPD, un entorno m\u00e1s seguro para el tratamiento de los datos personales del usuario \/ cliente.<\/li><li>Tambi\u00e9n utilizamos cookies para medir las estad\u00edsticas de nuestra tienda en l\u00ednea o para mejorar la navegaci\u00f3n y la experiencia del usuario o para seguir comercializando nuestros productos. En detalle sobre las Cookies, por tipo, tipo, duraci\u00f3n, finalidad y proveedor, el usuario\/cliente puede ser informado mediante la correspondiente pol\u00edtica o banner de cookies. La colocaci\u00f3n de un rastreador en un dispositivo terminal requiere, en principio, el consentimiento del usuario, independientemente de si los datos personales se procesan en \u00faltima instancia a trav\u00e9s de \u00e9l. Los rastreadores exentos de la obligaci\u00f3n de obtener el consentimiento son aquellos que se consideran t\u00e9cnicamente necesarios para realizar la conexi\u00f3n al sitio web o para prestar el servicio de Internet solicitado por el propio usuario. Seg\u00fan la Autoridad Hel\u00e9nica de Protecci\u00f3n de Datos, no se requiere el consentimiento (a) para la identificaci\u00f3n y\/o retenci\u00f3n del contenido ingresado por el suscriptor o usuario durante una sesi\u00f3n en un sitio web durante la duraci\u00f3n de la conexi\u00f3n espec\u00edfica, como la \"cesta de compras\", (b) para la conexi\u00f3n del suscriptor o usuario a servicios que requieren autenticaci\u00f3n, (c) para la seguridad del usuario, (d) para la implementaci\u00f3n de la t\u00e9cnica de equilibrio de carga en una conexi\u00f3n a un sitio web de Internet, (e) para el mantenimiento de las opciones del usuario con respecto a la presentaci\u00f3n del sitio web, por ejemplo, selecci\u00f3n de idioma, almacenamiento del historial de b\u00fasqueda. Por el contrario, los rastreadores instalados con fines de publicidad en l\u00ednea o rastreadores de terceros, como Google Analytics con fines de an\u00e1lisis web, solo se permiten si se ha obtenido el consentimiento previo del usuario despu\u00e9s de la informaci\u00f3n adecuada.<\/li><li>Se aclara que nuestra empresa no tiene de ninguna manera acceso a los datos de la tarjeta de cr\u00e9dito o d\u00e9bito del usuario \/ cliente. Las transacciones en l\u00ednea tienen lugar en un entorno bancario contratado seguro.<\/li><\/ul><div>\u00a0<\/div><p><strong>5. Destinatarios de los datos \u2013 Transferencias<\/strong><\/p><p>Para que podamos prestar nuestros servicios, informamos al usuario \/ cliente que el acceso a ciertos elementos del sitio puede tener, bajo condiciones estrictas, como por ejemplo cifrado, cl\u00e1usulas contractuales de confidencialidad, etc., socios contratados con nosotros:<\/p><ul class=\"wp-block-list\"><li>Empresas comerciales o log\u00edsticas y servicios de software\/cloud computing<\/li><li>Proveedores financieros<\/li><li>Proveedores de servicios publicitarios<\/li><li>Empresas u oficinas de apoyo contable<\/li><\/ul><p>Exigimos a todos los destinatarios anteriores que implementen mayores medidas organizativas y t\u00e9cnicas que garanticen el nivel \u00f3ptimo de seguridad.<\/p><p>Nuestra empresa no transfiere los datos personales del usuario \/ cliente a terceros pa\u00edses, es decir, fuera de la UE. Para las cookies, consulte la pol\u00edtica correspondiente.<\/p><p>\u00a0<\/p><p><strong>6. Tiempo de retenci\u00f3n de datos<\/strong><\/p><p>En caso de que el usuario\/cliente haya celebrado un contrato con nuestra empresa, sus datos personales se conservar\u00e1n mientras dure el presente contrato. Despu\u00e9s de la finalizaci\u00f3n del contrato, es decir, despu\u00e9s del pago completo del precio de los productos, nuestra empresa conserva sus datos personales proporcionados para la compra de los productos durante al menos dos a\u00f1os, con la excepci\u00f3n de cualquier informaci\u00f3n que deba conservarse por razones fiscales durante m\u00e1s tiempo que el per\u00edodo anterior.<\/p><p>Si, hasta la expiraci\u00f3n de los dos a\u00f1os, las acciones legales est\u00e1n en curso con nuestra empresa o cualquier otra empresa afiliada, con respecto al usuario \/ cliente directa o indirectamente, o cualquier control administrativo est\u00e1 pendiente, este tiempo de retenci\u00f3n de sus datos personales se extender\u00e1 hasta la emisi\u00f3n de una decisi\u00f3n judicial irrevocable o un acto administrativo.<\/p><p>Si el usuario\/cliente se ha suscrito al servicio de Newsletter o ha creado una cuenta, los datos que ha proporcionado para recibir los newsletters o crear una cuenta, respectivamente, se conservan durante la duraci\u00f3n de su registro. Al darse de baja del servicio anterior, que se puede hacer de cualquier manera apropiada (por ejemplo, enviando un correo electr\u00f3nico), los datos que se nos proporcionan se eliminan inmediatamente.<\/p><p>Para configurar las Cookies, el usuario\/cliente puede consultar la correspondiente pol\u00edtica o banner de cookies.<\/p><p>En el caso de que la ley prevea un per\u00edodo de retenci\u00f3n m\u00e1s corto o m\u00e1s largo, el per\u00edodo de retenci\u00f3n de datos anterior se reducir\u00e1 o aumentar\u00e1 en consecuencia. Por esta raz\u00f3n, la empresa se compromete a revisar peri\u00f3dicamente la legislaci\u00f3n pertinente y revisar esta pol\u00edtica en consecuencia.<\/p><p><strong>7. Los derechos del usuario\/cliente<\/strong><\/p><p>En virtud del Reglamento General de Protecci\u00f3n de Datos, el usuario\/cliente tiene los siguientes derechos:<\/p><p><strong>Derecho de acceso:\u00a0<\/strong>Para saber si y en qu\u00e9 medida se procesan sus datos personales de cualquier forma, y en particular los fines del procesamiento, las categor\u00edas de datos que procesamos, los destinatarios de sus datos, el per\u00edodo durante el cual conservamos sus datos y la existencia de una toma de decisiones automatizada (art\u00edculo 15 del RGPD).<\/p><p><strong>Derecho de rectificaci\u00f3n:<\/strong>\u00a0Solicitar la rectificaci\u00f3n y\/o cumplimentaci\u00f3n de sus datos para que sean completos y exactos (art\u00edculo 16 del RGPD).<\/p><p><strong>Derecho de restricci\u00f3n:<\/strong>\u00a0Solicitar la limitaci\u00f3n del tratamiento de sus datos en las condiciones del art\u00edculo 18 del RGPD. Cabe se\u00f1alar, sin embargo, que nuestra empresa tiene en cualquier caso el derecho de rechazar su solicitud de restringir el procesamiento de sus datos personales si el procesamiento o la conservaci\u00f3n de los datos es necesario para el establecimiento, ejercicio o apoyo de nuestros derechos legales o el cumplimiento de nuestras obligaciones.<\/p><p><strong>Derecho de oposici\u00f3n:<\/strong>\u00a0Oponerse a cualquier otro procesamiento de sus datos personales que tengamos (art\u00edculo 21 del RGPD), a menos que demostremos que existen motivos convincentes y leg\u00edtimos para procesar sus datos o que su retenci\u00f3n es necesaria para el ejercicio de nuestras reclamaciones legales.<\/p><p><strong>Derecho de supresi\u00f3n (\u00abderecho al olvido\u00bb):<\/strong>\u00a0Solicitar la eliminaci\u00f3n de sus datos personales de los registros que mantenemos bajo las condiciones del Art\u00edculo 17 GDPR. Tenga en cuenta que nuestra empresa tiene en cualquier caso el derecho de rechazar su solicitud de eliminaci\u00f3n de sus datos personales, si el procesamiento o mantenimiento de los datos es necesario para el establecimiento, ejercicio o apoyo de nuestros derechos legales o el cumplimiento de nuestras obligaciones.<\/p><p><strong>Derecho a la portabilidad:\u00a0<\/strong>Solicitar la transferencia de sus datos de nuestra empresa a cualquier otro responsable del tratamiento (art\u00edculo 20 del RGPD). Cabe se\u00f1alar que el derecho a la portabilidad no implica la eliminaci\u00f3n de sus datos personales.<\/p><p><strong>Derecho de rescisi\u00f3n:<\/strong>\u00a0Presentar una queja ante la Autoridad de Protecci\u00f3n de Datos Personales (www.dpa.gr), si considera que sus derechos son violados de alguna manera.<\/p><p>Para ejercer sus derechos, el usuario\/cliente podr\u00e1 dirigirse por escrito o por medios electr\u00f3nicos al \"responsable del tratamiento\". La empresa, respetando plenamente sus derechos, har\u00e1 todo lo posible para responder a su solicitud dentro de los treinta (30) d\u00edas posteriores a la presentaci\u00f3n. Dicho plazo podr\u00e1 prorrogarse sesenta (60) d\u00edas adicionales, en caso necesario teniendo en cuenta la complejidad de la solicitud y el n\u00famero de solicitudes. Nuestra empresa, en cualquier caso, informar\u00e1 al usuario \/ cliente de cualquier extensi\u00f3n del plazo de respuesta dentro de los treinta (30) d\u00edas posteriores a la presentaci\u00f3n de su solicitud. El ejercicio de sus derechos no requiere ning\u00fan coste. Sin embargo, si sus solicitudes son manifiestamente infundadas, excesivas o repetitivas, tenemos derecho a cobrarle una tarifa razonable, inform\u00e1ndole en consecuencia, o a negarnos a responder a su(s) solicitud(es).<\/p><p><strong>8. Seguridad de los datos<\/strong><\/p><p>Nuestra empresa aplica estrictos procedimientos de seguridad con el fin de proteger la informaci\u00f3n personal del usuario \/ cliente de da\u00f1os, destrucci\u00f3n o divulgaci\u00f3n y para evitar el acceso no autorizado a los mismos.<\/p><p>Cuando los datos deben transmitirse a nuestros destinatarios, requerimos que se tomen medidas similares para proteger completamente la informaci\u00f3n del usuario \/ cliente.<\/p><p><strong>9. Enlaces<\/strong><\/p><p>El sitio web contiene enlaces a p\u00e1ginas de terceros (Links). La provisi\u00f3n de enlaces no implica la aprobaci\u00f3n de su contenido. La empresa no asume ninguna responsabilidad con respecto a la disponibilidad o el contenido de estos sitios web o cualquier responsabilidad por cualquier da\u00f1o como resultado del uso de su contenido. Estos enlaces se refieren principalmente a la navegaci\u00f3n de nuestras p\u00e1ginas corporativas en las redes sociales (Facebook, Instagram, etc.). Los enlaces se proporcionan \u00fanicamente para la comodidad del usuario. En cualquier caso, el usuario navega por estos sitios web bajo su propio riesgo. Antes de ingresar cualquier dato personal, siempre se recomienda estudiar los t\u00e9rminos de uso y la pol\u00edtica de privacidad de cada plataforma individual.<\/p>\t\t\t\t\t\t\t\t<\/div>\n\t\t\t\t<\/div>\n\t\t\t\t\t<\/div>\n\t\t\t\t<\/div>\n\t\t\t\t<\/div>","protected":false},"excerpt":{"rendered":"<p>\u03a0\u03bf\u03bb\u03b9\u03c4\u03b9\u03ba\u03ae \u0391\u03c0\u03bf\u03c1\u03c1\u03ae\u03c4\u03bf\u03c5 1. \u0393\u03b5\u03bd\u03b9\u03ba\u03ad\u03c2 \u03c0\u03bb\u03b7\u03c1\u03bf\u03c6\u03bf\u03c1\u03af\u03b5\u03c2 \u0395\u03c6\u03b1\u03c1\u03bc\u03bf\u03c3\u03c4\u03ad\u03bf \u03b4\u03af\u03ba\u03b1\u03b9\u03bf \u03b3\u03b9\u03b1 \u03c4\u03b7\u03bd \u03c0\u03c1\u03bf\u03c3\u03c4\u03b1\u03c3\u03af\u03b1 \u03c4\u03c9\u03bd \u03c0\u03c1\u03bf\u03c3\u03c9\u03c0\u03b9\u03ba\u03ce\u03bd \u03b4\u03b5\u03b4\u03bf\u03bc\u03ad\u03bd\u03c9\u03bd \u03b1\u03c0\u03bf\u03c4\u03b5\u03bb\u03b5\u03af \u03bf \u0393\u03b5\u03bd\u03b9\u03ba\u03cc\u03c2 \u039a\u03b1\u03bd\u03bf\u03bd\u03b9\u03c3\u03bc\u03cc\u03c2 (\u0395\u0395) 2016\/679 (\u03b5\u03c6\u03b5\u03be\u03ae\u03c2 \u0393\u039a\u03a0\u0394) \u00a0\u03c4\u03bf\u03c5 \u0395\u03c5\u03c1\u03c9\u03c0\u03b1\u03ca\u03ba\u03bf\u03cd \u039a\u03bf\u03b9\u03bd\u03bf\u03b2\u03bf\u03c5\u03bb\u03af\u03bf\u03c5 \u03ba\u03b1\u03b9 \u03c4\u03bf\u03c5 \u03a3\u03c5\u03bc\u03b2\u03bf\u03c5\u03bb\u03af\u03bf\u03c5 (\u03c0\u03bf\u03c5 \u03c8\u03b7\u03c6\u03af\u03c3\u03c4\u03b7\u03ba\u03b5 \u03c4\u03b7\u03bd 27\u03b7 \u0391\u03c0\u03c1\u03b9\u03bb\u03af\u03bf\u03c5 2016 \u03ba\u03b1\u03b9 \u03c4\u03ad\u03b8\u03b7\u03ba\u03b5 \u03c3\u03b5 \u03b5\u03c6\u03b1\u03c1\u03bc\u03bf\u03b3\u03ae \u03b1\u03c0\u03cc \u03c4\u03b9\u03c2 25 \u039c\u03b1\u0390\u03bf\u03c5 2018) \u03ba\u03b1\u03b9 \u03bf \u03bd. 4624\/2019 \u00ab\u03c0\u03b5\u03c1\u03af \u03c0\u03c1\u03bf\u03c3\u03c4\u03b1\u03c3\u03af\u03b1\u03c2 \u03c4\u03bf\u03c5 \u03b1\u03c4\u03cc\u03bc\u03bf\u03c5 \u03b1\u03c0\u03cc \u03c4\u03b7\u03bd \u03b5\u03c0\u03b5\u03be\u03b5\u03c1\u03b3\u03b1\u03c3\u03af\u03b1 \u03b4\u03b5\u03b4\u03bf\u03bc\u03ad\u03bd\u03c9\u03bd \u03c0\u03c1\u03bf\u03c3\u03c9\u03c0\u03b9\u03ba\u03bf\u03cd [&hellip;]<\/p>","protected":false},"author":1,"featured_media":0,"parent":0,"menu_order":0,"comment_status":"closed","ping_status":"closed","template":"elementor_header_footer","meta":{"footnotes":""},"class_list":["post-941","page","type-page","status-publish","hentry"],"aioseo_notices":[],"_links":{"self":[{"href":"https:\/\/transfer360.app\/es\/wp-json\/wp\/v2\/pages\/941","targetHints":{"allow":["GET"]}}],"collection":[{"href":"https:\/\/transfer360.app\/es\/wp-json\/wp\/v2\/pages"}],"about":[{"href":"https:\/\/transfer360.app\/es\/wp-json\/wp\/v2\/types\/page"}],"author":[{"embeddable":true,"href":"https:\/\/transfer360.app\/es\/wp-json\/wp\/v2\/users\/1"}],"replies":[{"embeddable":true,"href":"https:\/\/transfer360.app\/es\/wp-json\/wp\/v2\/comments?post=941"}],"version-history":[{"count":6,"href":"https:\/\/transfer360.app\/es\/wp-json\/wp\/v2\/pages\/941\/revisions"}],"predecessor-version":[{"id":986,"href":"https:\/\/transfer360.app\/es\/wp-json\/wp\/v2\/pages\/941\/revisions\/986"}],"wp:attachment":[{"href":"https:\/\/transfer360.app\/es\/wp-json\/wp\/v2\/media?parent=941"}],"curies":[{"name":"wp","href":"https:\/\/api.w.org\/{rel}","templated":true}]}}