{"id":941,"date":"2026-03-20T14:11:15","date_gmt":"2026-03-20T14:11:15","guid":{"rendered":"https:\/\/transfer360.app\/?page_id=941"},"modified":"2026-03-20T14:46:43","modified_gmt":"2026-03-20T14:46:43","slug":"privacy-policy","status":"publish","type":"page","link":"https:\/\/transfer360.app\/pt\/privacy-policy\/","title":{"rendered":"Pol\u00edtica de Privacidade"},"content":{"rendered":"<style>.elementor-941 .elementor-element.elementor-element-ef40295{--display:flex;--flex-direction:column;--container-widget-width:calc( ( 1 - var( --container-widget-flex-grow ) ) * 100% );--container-widget-height:initial;--container-widget-flex-grow:0;--container-widget-align-self:initial;--flex-wrap-mobile:wrap;--justify-content:center;--align-items:center;--margin-top:0px;--margin-bottom:0px;--margin-left:0px;--margin-right:0px;--padding-top:240px;--padding-bottom:20px;--padding-left:0px;--padding-right:0px;}.elementor-941 .elementor-element.elementor-element-1ac0398a{--display:flex;--justify-content:center;--align-items:center;--container-widget-width:calc( ( 1 - var( --container-widget-flex-grow ) ) * 100% );--margin-top:0px;--margin-bottom:0px;--margin-left:0px;--margin-right:0px;--padding-top:0px;--padding-bottom:0px;--padding-left:0px;--padding-right:0px;}.elementor-941 .elementor-element.elementor-element-77eae7fd{text-align:center;}.elementor-941 .elementor-element.elementor-element-77eae7fd .elementor-heading-title{font-family:\"Inter Tight\", Sans-serif;font-size:60px;font-weight:700;text-transform:none;text-decoration:none;line-height:1.1em;}.elementor-941 .elementor-element.elementor-element-77eae7fd > .elementor-widget-container{margin:-10px 0px 15px 0px;padding:0px 0px 0px 0px;}.elementor-941 .elementor-element.elementor-element-1cbab4b{--display:flex;--flex-direction:column;--container-widget-width:100%;--container-widget-height:initial;--container-widget-flex-grow:0;--container-widget-align-self:initial;--flex-wrap-mobile:wrap;}.elementor-941 .elementor-element.elementor-element-98db665{font-size:18px;}:root{--page-title-display:none;}@media(min-width:768px){.elementor-941 .elementor-element.elementor-element-ef40295{--content-width:1417px;}.elementor-941 .elementor-element.elementor-element-1ac0398a{--width:1000px;}.elementor-941 .elementor-element.elementor-element-1cbab4b{--content-width:1470px;}}@media(max-width:1024px) and (min-width:768px){.elementor-941 .elementor-element.elementor-element-1ac0398a{--width:100%;}}@media(max-width:1366px){.elementor-941 .elementor-element.elementor-element-ef40295{--padding-top:217px;--padding-bottom:100px;--padding-left:15px;--padding-right:15px;}.elementor-941 .elementor-element.elementor-element-77eae7fd .elementor-heading-title{font-size:76px;line-height:1.1em;}}@media(max-width:1024px){.elementor-941 .elementor-element.elementor-element-ef40295{--padding-top:210px;--padding-bottom:80px;--padding-left:15px;--padding-right:15px;}.elementor-941 .elementor-element.elementor-element-77eae7fd .elementor-heading-title{font-size:66px;line-height:1.1em;}}@media(max-width:767px){.elementor-941 .elementor-element.elementor-element-ef40295{--padding-top:170px;--padding-bottom:60px;--padding-left:15px;--padding-right:15px;}.elementor-941 .elementor-element.elementor-element-77eae7fd .elementor-heading-title{font-size:40px;line-height:1.1em;}.elementor-941 .elementor-element.elementor-element-77eae7fd > .elementor-widget-container{margin:0px 0px 0px 0px;}}<\/style>\t\t<div data-elementor-type=\"wp-page\" data-elementor-id=\"941\" class=\"elementor elementor-941\" data-elementor-post-type=\"page\">\n\t\t\t\t<div class=\"elementor-element elementor-element-ef40295 e-flex e-con-boxed e-con e-parent\" data-id=\"ef40295\" data-element_type=\"container\" data-e-type=\"container\">\n\t\t\t\t\t<div class=\"e-con-inner\">\n\t\t<div class=\"elementor-element elementor-element-1ac0398a e-con-full e-flex e-con e-child\" data-id=\"1ac0398a\" data-element_type=\"container\" data-e-type=\"container\">\n\t\t\t\t<div class=\"elementor-element elementor-element-77eae7fd elementor-invisible elementor-widget elementor-widget-heading\" data-id=\"77eae7fd\" data-element_type=\"widget\" data-e-type=\"widget\" data-settings=\"{&quot;_animation&quot;:&quot;fadeIn&quot;}\" data-widget_type=\"heading.default\">\n\t\t\t\t<div class=\"elementor-widget-container\">\n\t\t\t\t\t<h1 class=\"elementor-heading-title elementor-size-default\">Pol\u00edtica de Privacidade<\/h1>\t\t\t\t<\/div>\n\t\t\t\t<\/div>\n\t\t\t\t<\/div>\n\t\t\t\t\t<\/div>\n\t\t\t\t<\/div>\n\t\t<div class=\"elementor-element elementor-element-1cbab4b e-flex e-con-boxed e-con e-parent\" data-id=\"1cbab4b\" data-element_type=\"container\" data-e-type=\"container\">\n\t\t\t\t\t<div class=\"e-con-inner\">\n\t\t\t\t<div class=\"elementor-element elementor-element-98db665 elementor-widget elementor-widget-text-editor\" data-id=\"98db665\" data-element_type=\"widget\" data-e-type=\"widget\" data-widget_type=\"text-editor.default\">\n\t\t\t\t<div class=\"elementor-widget-container\">\n\t\t\t\t\t\t\t\t\t<p><strong>1. Informa\u00e7\u00f5es gerais<\/strong><\/p><ul class=\"wp-block-list\"><li>A lei aplic\u00e1vel \u00e0 prote\u00e7\u00e3o de dados pessoais \u00e9 o Regulamento Geral (UE) 2016\/679 (doravante RGPD) do Parlamento Europeu e do Conselho (adotado em 27 de abril de 2016 e implementado desde 25 de maio de 2018) e a Lei 4624\/2019 \"sobre a prote\u00e7\u00e3o das pessoas singulares no que diz respeito ao tratamento de dados pessoais\", em vigor, bem como as instru\u00e7\u00f5es da Autoridade de Prote\u00e7\u00e3o de Dados Pessoais.<\/li><li>Os dados pessoais s\u00e3o definidos pelo RGPD como qualquer informa\u00e7\u00e3o atrav\u00e9s da qual uma pessoa singular pode ser identificada direta ou indiretamente (\"titular dos dados\"). Esses dados incluem, entre outros, o nome, apelido, endere\u00e7o postal, endere\u00e7o de correio eletr\u00f3nico, n\u00famero de identifica\u00e7\u00e3o fiscal, identificadores de equipamentos ou dispositivos terminais, hist\u00f3rico de pesquisas na Internet, etc. As informa\u00e7\u00f5es relativas a pessoas coletivas e grupos de pessoas ou as informa\u00e7\u00f5es estat\u00edsticas, a partir das quais n\u00e3o \u00e9 poss\u00edvel fazer refer\u00eancia a uma pessoa singular identificada ou identific\u00e1vel, n\u00e3o se inserem nesta categoria e est\u00e3o exclu\u00eddas do \u00e2mbito de aplica\u00e7\u00e3o da legisla\u00e7\u00e3o pertinente.<\/li><li>As seguintes informa\u00e7\u00f5es sobre a prote\u00e7\u00e3o dos dados pessoais do utilizador\/cliente dizem respeito \u00e0 forma como a nossa empresa processa as suas informa\u00e7\u00f5es pessoais quando nos contacta ou utiliza qualquer um dos servi\u00e7os do nosso website e e-shop. Esta pol\u00edtica \u00e9 plenamente compat\u00edvel com o Regulamento Geral relativo \u00e0 prote\u00e7\u00e3o das pessoas singulares no que diz respeito ao tratamento de dados pessoais (UE\/2016\/679) e com a legisla\u00e7\u00e3o grega (Lei n.o 4624\/2019).<\/li><li>Esclarece-se que nossa empresa pode modificar esta pol\u00edtica a qualquer momento e sem aviso pr\u00e9vio. Para o efeito, considera-se necess\u00e1rio estudar esta pol\u00edtica antes de navegar no utilizador\/cliente e qualquer registo dos seus dados pessoais.<\/li><li>Ao navegar e utilizar os servi\u00e7os do website e da loja online, o utilizador\/cliente aceita o conte\u00fado desta pol\u00edtica.<\/li><\/ul><div>\u00a0<\/div><p><strong>2. Controlador<\/strong><\/p><p>A empresa com a denomina\u00e7\u00e3o \u00abAvgeros G. Christos\u00bb, situada no munic\u00edpio do Pireu, n.o 68, Napoleon Labelet Street \u2013 18541, tal como legalmente representada na sua forma jur\u00eddica atual ou atual, enquanto respons\u00e1vel pelo tratamento, atribui especial import\u00e2ncia \u00e0 prote\u00e7\u00e3o dos dados pessoais dos utilizadores\/clientes. Para qualquer quest\u00e3o, pergunta ou pedido, o utilizador\/cliente pode contactar a nossa empresa atrav\u00e9s dos seguintes meios: Tel: 210 220 9684, e-mail: hi@dot360.io.<\/p><p>\u00a0<\/p><p><strong>3. Finalidade da recolha de dados<\/strong><\/p><ul class=\"wp-block-list\"><li>Ao visitar o nosso site, o utilizador\/cliente n\u00e3o \u00e9 obrigado a fornecer-nos informa\u00e7\u00f5es pessoais, a menos que deseje:<br \/>\u2022 Comunique-se connosco<br \/>\u2022 Manifestar interesse na aquisi\u00e7\u00e3o de produtos<br \/>\u2022 Comprometer-se com opera\u00e7\u00f5es e pagamentos<br \/>\u2022 Crie uma conta na nossa loja online<br \/>\u2022 Inscreva-se no servi\u00e7o de newsletter<\/li><li>Tamb\u00e9m recolhemos dados para analisar a usabilidade, qualidade e marketing dos nossos servi\u00e7os, a fim de melhorar os nossos produtos e benef\u00edcios individuais.<\/li><li>Recolhemos dados para fins relacionados com a dete\u00e7\u00e3o de fraudes online e a seguran\u00e7a das comunica\u00e7\u00f5es eletr\u00f3nicas.<\/li><li>Alguns dos dados recolhidos s\u00e3o necess\u00e1rios para efeitos de fixa\u00e7\u00e3o de pre\u00e7os dos produtos vendidos em conformidade com a legisla\u00e7\u00e3o fiscal aplic\u00e1vel.<\/li><li>Enquanto empresa, tratamos apenas os dados pessoais necess\u00e1rios para o cumprimento das finalidades das nossas transa\u00e7\u00f5es. A nossa empresa garante que os dados pessoais que trata permanecem altamente confidenciais e n\u00e3o podem ser utilizados para qualquer outra finalidade que n\u00e3o aquela para a qual foram fornecidos.<\/li><\/ul><div>\u00a0<\/div><p><strong>4. Que tipo de dados recolhemos e com que base jur\u00eddica<\/strong><\/p><ul class=\"wp-block-list\"><li>Na sec\u00e7\u00e3o \"carrinho de compras\" recolhemos o seguinte: (a) no formul\u00e1rio \"informa\u00e7\u00f5es pessoais\": nome pr\u00f3prio, apelido, endere\u00e7o de e-mail, n\u00famero de telefone, (b) no formul\u00e1rio \"endere\u00e7o de carregamento\": nome, endere\u00e7o, cidade, c\u00f3digo postal, pa\u00eds, regi\u00e3o. Os dados acima s\u00e3o necess\u00e1rios para a prepara\u00e7\u00e3o e processamento do contrato de venda em conformidade com o artigo 6.o, n.o 1, al\u00ednea b), do RGPD. Al\u00e9m disso, as informa\u00e7\u00f5es acima referidas s\u00e3o necess\u00e1rias para a emiss\u00e3o de um recibo de retalho em conformidade com o artigo 6.o, n.o 1, al\u00ednea c), do RGPD. Para al\u00e9m das informa\u00e7\u00f5es acima referidas, os campos NIF e Servi\u00e7o de Finan\u00e7as devem ser preenchidos para emitir uma fatura.<\/li><li>Na sec\u00e7\u00e3o \/ formul\u00e1rio de contacto recolhemos o seguinte: nome pr\u00f3prio e\/ou apelido, n\u00famero de telefone e endere\u00e7o de e-mail. As informa\u00e7\u00f5es de contacto s\u00e3o recolhidas para poder responder aos seus pedidos, em conformidade com o artigo 6.o, n.o 1, al\u00ednea c), do RGPD, ou para lhe fornecer informa\u00e7\u00f5es sobre os nossos produtos ou transa\u00e7\u00f5es, em conformidade com o artigo 6.o, n.o 1, al\u00ednea b), do RGPD.<\/li><li>No formul\u00e1rio de newsletter pop-up, bem como no formul\u00e1rio de rodap\u00e9 correspondente, recolhemos o endere\u00e7o de correio eletr\u00f3nico (e-mail). A recolha do e-mail do utilizador\/cliente s\u00f3 \u00e9 efetuada se este o introduzir no campo relevante, dando-nos assim o seu consentimento, em conformidade com o artigo 6.o, n.o 1, al\u00ednea a), do RGPD. Esclarece-se que, a qualquer momento, o utilizador\/cliente pode cancelar a subscri\u00e7\u00e3o sem qualquer custo e deixar de receber essas mensagens, informando a nossa empresa por qualquer meio de comunica\u00e7\u00e3o adequado ou clicando na op\u00e7\u00e3o \u00abcancelar subscri\u00e7\u00e3o\u00bb na mensagem promovida.<\/li><li>No formul\u00e1rio \"Criar uma conta\" recolhemos o seguinte: nome pr\u00f3prio, apelido, endere\u00e7o de e-mail, n\u00famero de telefone. A base jur\u00eddica para o tratamento \u00e9, em primeiro lugar, o consentimento do utilizador\/cliente para se registar e criar uma conta, em conformidade com o artigo 6.o, n.o 1, al\u00ednea a), do RGPD, bem como o interesse leg\u00edtimo da nossa empresa, em conformidade com o artigo 6.o, n.o 1, al\u00ednea f), do RGPD, para a seguran\u00e7a da conta e a identifica\u00e7\u00e3o do utilizador, onde e quando tal for necess\u00e1rio.<\/li><li>Tamb\u00e9m podemos receber automaticamente determinadas informa\u00e7\u00f5es contidas em ficheiros de registo, tais como endere\u00e7o IP, dados de localiza\u00e7\u00e3o geogr\u00e1fica, data e hora da visita ao website, etc., para os quais consideramos que temos um interesse leg\u00edtimo, em conformidade com o artigo 6.o, n.o 1, al\u00ednea f), do RGPD, para proteger a seguran\u00e7a das redes, informa\u00e7\u00f5es e servi\u00e7os contra eventos acidentais ou a\u00e7\u00f5es ilegais ou maliciosas (por exemplo, fraude online) relacionadas com a disponibilidade, autenticidade, integridade e confidencialidade dos dados e, ao mesmo tempo, fornecer da nossa parte, em conformidade com o artigo 6.o, n.o 1, al\u00ednea c), do RGPD, um ambiente mais seguro para o tratamento dos dados pessoais do utilizador\/cliente.<\/li><li>Tamb\u00e9m utilizamos cookies para medir as estat\u00edsticas da nossa loja online ou para melhorar a navega\u00e7\u00e3o e a experi\u00eancia do utilizador ou para continuar a comercializar os nossos produtos. Em detalhe sobre os Cookies, por tipo, tipo, dura\u00e7\u00e3o, finalidade e fornecedor, o utilizador\/cliente pode ser informado atrav\u00e9s da respetiva pol\u00edtica ou banner de cookies. A coloca\u00e7\u00e3o de um localizador num dispositivo terminal exige, em princ\u00edpio, o consentimento do utilizador, independentemente de os dados pessoais serem, em \u00faltima an\u00e1lise, tratados atrav\u00e9s do mesmo. Os rastreadores isentos da obriga\u00e7\u00e3o de obter o consentimento s\u00e3o aqueles considerados tecnicamente necess\u00e1rios para fazer a liga\u00e7\u00e3o ao site ou para fornecer o servi\u00e7o de Internet solicitado pelo pr\u00f3prio utilizador. De acordo com a Autoridade Hel\u00e9nica para a Prote\u00e7\u00e3o de Dados, n\u00e3o \u00e9 necess\u00e1rio consentimento a) para a identifica\u00e7\u00e3o e\/ou conserva\u00e7\u00e3o de conte\u00fados introduzidos pelo assinante ou utilizador durante uma sess\u00e3o num s\u00edtio Web durante a dura\u00e7\u00e3o da liga\u00e7\u00e3o espec\u00edfica, como o \u00abcabaz de compras\u00bb, b) para a liga\u00e7\u00e3o do assinante ou utilizador a servi\u00e7os que exijam autentica\u00e7\u00e3o, c) para a seguran\u00e7a do utilizador, d) para a aplica\u00e7\u00e3o da t\u00e9cnica de compensa\u00e7\u00e3o de carga numa liga\u00e7\u00e3o a um s\u00edtio Web na Internet, e) para a manuten\u00e7\u00e3o das escolhas do utilizador relativamente \u00e0 apresenta\u00e7\u00e3o do s\u00edtio Web, por exemplo, sele\u00e7\u00e3o da l\u00edngua, armazenamento do hist\u00f3rico de pesquisa. Em contrapartida, os rastreadores instalados para fins de publicidade online ou rastreadores de terceiros, como o Google Analytics para fins de an\u00e1lise da web, s\u00f3 s\u00e3o permitidos se o consentimento pr\u00e9vio do utilizador tiver sido obtido ap\u00f3s informa\u00e7\u00f5es adequadas.<\/li><li>Esclarece-se que a nossa empresa n\u00e3o tem de forma alguma acesso aos dados do cart\u00e3o de cr\u00e9dito ou d\u00e9bito do utilizador\/cliente. As transa\u00e7\u00f5es online realizam-se num ambiente banc\u00e1rio contratado seguro.<\/li><\/ul><div>\u00a0<\/div><p><strong>5. Destinat\u00e1rios dos dados \u2013 Transfer\u00eancias<\/strong><\/p><p>Para podermos prestar os nossos servi\u00e7os, informamos o utilizador\/cliente que o acesso a determinados elementos do site pode ter, sob condi\u00e7\u00f5es estritas, tais como, por exemplo, encripta\u00e7\u00e3o, cl\u00e1usulas de confidencialidade contratual, etc., parceiros contratados connosco:<\/p><ul class=\"wp-block-list\"><li>Empresas comerciais ou log\u00edsticas e servi\u00e7os de software\/computa\u00e7\u00e3o em nuvem<\/li><li>Prestadores de servi\u00e7os financeiros<\/li><li>Prestadores de servi\u00e7os de publicidade<\/li><li>Empresas ou gabinetes de apoio contabil\u00edstico<\/li><\/ul><p>Exigimos que todos os destinat\u00e1rios acima referidos apliquem medidas organizacionais e t\u00e9cnicas refor\u00e7adas que garantam o n\u00edvel \u00f3timo de seguran\u00e7a.<\/p><p>A nossa empresa n\u00e3o transfere os dados pessoais do utilizador\/cliente para pa\u00edses terceiros, ou seja, para fora da UE.<\/p><p>\u00a0<\/p><p><strong>6. Tempo de conserva\u00e7\u00e3o dos dados<\/strong><\/p><p>Caso o utilizador\/cliente tenha celebrado um contrato com a nossa empresa, os seus dados pessoais ser\u00e3o conservados durante a vig\u00eancia deste contrato. Ap\u00f3s a conclus\u00e3o do contrato, ou seja, ap\u00f3s o pagamento integral do pre\u00e7o dos produtos, a nossa empresa conserva os seus dados pessoais fornecidos para a compra dos produtos durante, pelo menos, dois anos, com exce\u00e7\u00e3o de determinadas informa\u00e7\u00f5es que devem ser conservadas por raz\u00f5es fiscais durante mais tempo do que o per\u00edodo acima referido.<\/p><p>Se, at\u00e9 ao termo dos dois anos, estiverem em curso a\u00e7\u00f5es judiciais com a nossa empresa ou qualquer outra empresa afiliada, relativas ao utilizador\/cliente, direta ou indiretamente, ou se estiver pendente qualquer controlo administrativo, este tempo de conserva\u00e7\u00e3o dos seus dados pessoais ser\u00e1 prorrogado at\u00e9 \u00e0 emiss\u00e3o de uma decis\u00e3o judicial irrevog\u00e1vel ou de um ato administrativo.<\/p><p>Se o utilizador\/cliente subscreveu o servi\u00e7o Newsletter ou criou uma conta, os dados que forneceu para receber as newsletters ou criar uma conta, respetivamente, s\u00e3o conservados durante o per\u00edodo do seu registo. Ao cancelar a subscri\u00e7\u00e3o do servi\u00e7o acima referido, o que pode ser feito de qualquer forma adequada (por exemplo, atrav\u00e9s do envio de um e-mail), os dados que nos s\u00e3o fornecidos s\u00e3o imediatamente eliminados.<\/p><p>Para configurar os Cookies, o utilizador\/cliente pode consultar a respetiva pol\u00edtica ou banner de cookies.<\/p><p>No caso de um per\u00edodo de conserva\u00e7\u00e3o mais curto ou mais longo estar previsto por lei, o per\u00edodo de conserva\u00e7\u00e3o de dados acima referido ser\u00e1 reduzido ou aumentado em conformidade. Por esta raz\u00e3o, a empresa compromete-se a rever periodicamente a legisla\u00e7\u00e3o relevante e rever esta pol\u00edtica em conformidade.<\/p><p><strong>7. Os direitos do utilizador\/cliente<\/strong><\/p><p>Nos termos do Regulamento Geral sobre a Prote\u00e7\u00e3o de Dados, o utilizador\/cliente tem os seguintes direitos:<\/p><p><strong>Direito de acesso:\u00a0<\/strong>Saber se e em que medida os seus dados pessoais s\u00e3o tratados sob qualquer forma e, em particular, as finalidades do tratamento, as categorias de dados que tratamos, os destinat\u00e1rios dos seus dados, o per\u00edodo durante o qual conservamos os seus dados, bem como a exist\u00eancia de decis\u00f5es automatizadas (artigo 15.o do RGPD).<\/p><p><strong>Direito de rectifica\u00e7\u00e3o:<\/strong>\u00a0Solicitar a retifica\u00e7\u00e3o e\/ou o preenchimento dos seus dados para que sejam completos e exatos (artigo 16.o do RGPD).<\/p><p><strong>Direito de restri\u00e7\u00e3o:<\/strong>\u00a0Solicitar a limita\u00e7\u00e3o do tratamento dos seus dados nas condi\u00e7\u00f5es previstas no artigo 18.o do RGPD. Note-se, no entanto, que a nossa empresa tem, em qualquer caso, o direito de recusar o seu pedido de limita\u00e7\u00e3o do tratamento dos seus dados pessoais se o tratamento ou a conserva\u00e7\u00e3o dos dados for necess\u00e1rio para o estabelecimento, exerc\u00edcio ou apoio dos nossos direitos legais ou para o cumprimento das nossas obriga\u00e7\u00f5es.<\/p><p><strong>Direito de oposi\u00e7\u00e3o:<\/strong>\u00a0Opor-se a qualquer tratamento posterior dos seus dados pessoais que detenhamos (artigo 21.o do RGPD), a menos que demonstremos que existem motivos imperiosos e leg\u00edtimos para o tratamento dos seus dados ou que a sua conserva\u00e7\u00e3o \u00e9 necess\u00e1ria para o exerc\u00edcio das nossas a\u00e7\u00f5es judiciais.<\/p><p><strong>Direito ao apagamento (\u00abdireito a ser esquecido\u00bb):<\/strong>\u00a0Para solicitar a elimina\u00e7\u00e3o dos seus dados pessoais dos registos que mantemos nas condi\u00e7\u00f5es do artigo 17.o do RGPD. Tenha em aten\u00e7\u00e3o que a nossa empresa tem, em qualquer caso, o direito de recusar o seu pedido de elimina\u00e7\u00e3o dos seus dados pessoais, se o tratamento ou a conserva\u00e7\u00e3o dos dados for necess\u00e1rio para o estabelecimento, exerc\u00edcio ou apoio dos nossos direitos legais ou para o cumprimento das nossas obriga\u00e7\u00f5es.<\/p><p><strong>Direito \u00e0 portabilidade:\u00a0<\/strong>Solicitar a transfer\u00eancia dos seus dados da nossa empresa para qualquer outro respons\u00e1vel pelo tratamento (artigo 20.o do RGPD). Note-se que o direito \u00e0 portabilidade n\u00e3o implica a elimina\u00e7\u00e3o dos seus dados pessoais.<\/p><p><strong>Direito de rescis\u00e3o:<\/strong>\u00a0Apresentar uma reclama\u00e7\u00e3o \u00e0 Autoridade de Prote\u00e7\u00e3o de Dados Pessoais (www.dpa.gr), se considerar que os seus direitos foram violados de alguma forma.<\/p><p>Para exercer os seus direitos, o utilizador\/cliente pode dirigir-se por escrito ou por meios eletr\u00f3nicos ao \"respons\u00e1vel pelo tratamento\". A empresa, no pleno respeito dos seus direitos, envidar\u00e1 todos os esfor\u00e7os para responder ao seu pedido no prazo de trinta (30) dias a contar da sua apresenta\u00e7\u00e3o. Esse prazo pode ser prorrogado por sessenta (60) dias suplementares, se necess\u00e1rio tendo em conta a complexidade do pedido e o n\u00famero de pedidos. A nossa empresa, em qualquer caso, informar\u00e1 o utilizador\/cliente de qualquer prorroga\u00e7\u00e3o do prazo de resposta no prazo de trinta (30) dias a contar da apresenta\u00e7\u00e3o do seu pedido. O exerc\u00edcio dos seus direitos n\u00e3o implica quaisquer custos. Se, no entanto, os seus pedidos forem manifestamente infundados, excessivos ou repetitivos, temos o direito de cobrar-lhe uma taxa razo\u00e1vel, informando-o em conformidade, ou de recusar-nos a responder ao(s) seu(s) pedido(s).<\/p><p><strong>8. Seguran\u00e7a dos dados<\/strong><\/p><p>A nossa empresa aplica procedimentos de seguran\u00e7a rigorosos para proteger as informa\u00e7\u00f5es pessoais do utilizador\/cliente de danos, destrui\u00e7\u00e3o ou divulga\u00e7\u00e3o e para evitar o acesso n\u00e3o autorizado \u00e0s mesmas.<\/p><p>Quando os dados s\u00e3o transmitidos aos nossos destinat\u00e1rios, exigimos que sejam tomadas medidas semelhantes para proteger totalmente as informa\u00e7\u00f5es do utilizador\/cliente.<\/p><p><strong>9. Liga\u00e7\u00f5es<\/strong><\/p><p>O website cont\u00e9m liga\u00e7\u00f5es para p\u00e1ginas de terceiros (Links). O fornecimento de liga\u00e7\u00f5es n\u00e3o implica a aprova\u00e7\u00e3o do seu conte\u00fado. A empresa n\u00e3o assume qualquer responsabilidade em rela\u00e7\u00e3o \u00e0 disponibilidade ou conte\u00fado destes sites ou qualquer responsabilidade por qualquer dano como resultado da utiliza\u00e7\u00e3o do seu conte\u00fado. Estas liga\u00e7\u00f5es dizem principalmente respeito \u00e0 navega\u00e7\u00e3o das nossas p\u00e1ginas corporativas nas redes sociais (Facebook, Instagram, etc.). Os links s\u00e3o fornecidos apenas para a conveni\u00eancia do utilizador. Em qualquer caso, o utilizador navega nestes websites por sua conta e risco. Antes de inserir quaisquer dados pessoais, recomenda-se sempre estudar os termos de uso e a pol\u00edtica de privacidade de cada plataforma individual.<\/p>\t\t\t\t\t\t\t\t<\/div>\n\t\t\t\t<\/div>\n\t\t\t\t\t<\/div>\n\t\t\t\t<\/div>\n\t\t\t\t<\/div>","protected":false},"excerpt":{"rendered":"<p>Pol\u00edtica de Privacidade 1. A legisla\u00e7\u00e3o aplic\u00e1vel \u00e0 prote\u00e7\u00e3o de dados pessoais \u00e9 o Regulamento Geral (UE) 2016\/679 (a seguir designado RGPD) do Parlamento Europeu e do Conselho (adotado em 27 de abril de 2016 e que entrou em vigor em 25 de maio de 2018) e a Lei 4624\/2019 relativa \u00e0 prote\u00e7\u00e3o das pessoas singulares no que diz respeito ao tratamento de dados pessoais [\u2026]<\/p>","protected":false},"author":1,"featured_media":0,"parent":0,"menu_order":0,"comment_status":"closed","ping_status":"closed","template":"elementor_header_footer","meta":{"footnotes":""},"class_list":["post-941","page","type-page","status-publish","hentry"],"aioseo_notices":[],"_links":{"self":[{"href":"https:\/\/transfer360.app\/pt\/wp-json\/wp\/v2\/pages\/941","targetHints":{"allow":["GET"]}}],"collection":[{"href":"https:\/\/transfer360.app\/pt\/wp-json\/wp\/v2\/pages"}],"about":[{"href":"https:\/\/transfer360.app\/pt\/wp-json\/wp\/v2\/types\/page"}],"author":[{"embeddable":true,"href":"https:\/\/transfer360.app\/pt\/wp-json\/wp\/v2\/users\/1"}],"replies":[{"embeddable":true,"href":"https:\/\/transfer360.app\/pt\/wp-json\/wp\/v2\/comments?post=941"}],"version-history":[{"count":6,"href":"https:\/\/transfer360.app\/pt\/wp-json\/wp\/v2\/pages\/941\/revisions"}],"predecessor-version":[{"id":986,"href":"https:\/\/transfer360.app\/pt\/wp-json\/wp\/v2\/pages\/941\/revisions\/986"}],"wp:attachment":[{"href":"https:\/\/transfer360.app\/pt\/wp-json\/wp\/v2\/media?parent=941"}],"curies":[{"name":"wp","href":"https:\/\/api.w.org\/{rel}","templated":true}]}}